{"id":4434,"date":"2017-03-21T13:35:24","date_gmt":"2017-03-21T17:35:24","guid":{"rendered":"https:\/\/themedicalxchange.com\/?page_id=4434\/"},"modified":"2017-04-25T10:45:24","modified_gmt":"2017-04-25T14:45:24","slug":"confidentialite","status":"publish","type":"page","link":"https:\/\/themedicalxchange.com\/fr\/confidentialite\/","title":{"rendered":"D\u00e9claration au sujet de la protection des renseignements personnels"},"content":{"rendered":"<p>Communications Xfacto reconna\u00eet qu&rsquo;il importe de prot\u00e9ger la confidentialit\u00e9 des renseignements personnels.<\/p>\n<p>Veuillez lire attentivement la pr\u00e9sente D\u00e9claration au sujet de la protection des renseignements personnels afin de comprendre comment vos renseignements personnels seront trait\u00e9s lorsque vous utiliserez notre site.<\/p>\n<p>En utilisant le site Web themedicalxchange.com, vous acceptez les conditions de la pr\u00e9sente D\u00e9claration au sujet de la protection des renseignements personnels.<\/p>\n<p>L&rsquo;\u00e9ventail des services que nous offrons continue de s&rsquo;\u00e9largir. Nous pourrons \u00e0 l&rsquo;avenir apporter des modifications \u00e0 notre politique de protection des renseignements personnels. Nous vous pr\u00e9viendrons de toute modification importante et nous vous demanderons votre consentement pour toute utilisation nouvelle importante de vos renseignements personnels si vous les avez fournis avant une modification importante de la pr\u00e9sente politique. Nous vous recommandons de v\u00e9rifier r\u00e9guli\u00e8rement la page de la pr\u00e9sente D\u00e9claration au sujet de la protection des renseignements personnels pour vous assurer de prendre connaissance de la version la plus r\u00e9cente. Si vous n&rsquo;acceptez pas les modalit\u00e9s de cette politique ou de toute version r\u00e9vis\u00e9e, veuillez quitter le site imm\u00e9diatement.<\/p>\n<h2>Les renseignements recueillis<\/h2>\n<p>Nous recueillons les renseignements suivants aupr\u00e8s des utilisateurs du site themedicalxchange.com<\/p>\n<ul>\n<li>si vous \u00eates un utilisateur inscrit, des renseignements au sujet de votre utilisation du site et des services que vous s\u00e9lectionnez;<\/li>\n<li>des renseignements informatiques non personnels anonymes au moyen de l&rsquo;utilisation de t\u00e9moins;<\/li>\n<li>les renseignements tir\u00e9s de vos r\u00e9ponses aux demandes de commentaires, notamment sur les services offerts sur le site themedicalxchnage.com;<\/li>\n<li>des renseignements comme votre adresse \u00e9lectronique lorsque vous vous inscrivez \u00e0 des services comme les alertes \u00e9lectroniques et les services offerts sur le site themedicalxchnage.com.<\/li>\n<\/ul>\n<h2>T\u00e9moins<\/h2>\n<p>Les t\u00e9moins sont de petits fichiers-textes cr\u00e9\u00e9s par un site Web que vous consultez. Les plus courants sont les \u00ab&nbsp;t\u00e9moins temporaires&nbsp;\u00bb et les \u00ab&nbsp;t\u00e9moins persistants&nbsp;\u00bb. Les t\u00e9moins temporaires saisissent de l&rsquo;information seulement pendant que vous \u00eates branch\u00e9 \u00e0 un site et, contrairement aux \u00ab&nbsp;t\u00e9moins persistants&nbsp;\u00bb, ils ne sont pas enregistr\u00e9s sur votre lecteur de disque dur.<\/p>\n<p>L&rsquo;utilisation de t\u00e9moins, devenue norme industrielle, permet aux grands \u00e9tablissements d&rsquo;offrir aux visiteurs de leur site Web des services am\u00e9lior\u00e9s. Les t\u00e9moins en soi ne leur permettent pas d&rsquo;identifier un utilisateur, mais plut\u00f4t l&rsquo;ordinateur qu&rsquo;il utilise.<\/p>\n<p>La plupart des navigateurs Web vous donnent le choix de n&rsquo;accepter aucun t\u00e9moin ou d&rsquo;accepter ceux de certains sites seulement. Vous pouvez \u00e9galement choisir de supprimer les t\u00e9moins ou d&rsquo;\u00eatre averti avant qu&rsquo;ils ne soient enregistr\u00e9s. Pour en savoir plus sur ces fonctions, veuillez vous reporter au mode d&rsquo;utilisation de votre navigateur ou \u00e0 l&rsquo;\u00e9cran d&rsquo;aide.<\/p>\n<p>Nous utilisons des t\u00e9moins temporaires dans le but de savoir quelles sont les diff\u00e9rentes parties de notre site Web que nos visiteurs consultent. Ces donn\u00e9es de surveillance, utilis\u00e9es sous forme agr\u00e9g\u00e9e, nous permettent de raffiner le service et les outils de navigation offerts et de les rendre plus efficaces.<\/p>\n<h2>La divulgation de renseignements<\/h2>\n<p>Nous ne vendons ni n&rsquo;\u00e9changeons les renseignements personnels recueillis sur le site themedicalxchange.com<\/p>\n<p>Nous nous r\u00e9servons le droit de divulguer les renseignements personnels sur votre identit\u00e9 si la loi nous enjoint de le faire et si nous croyons qu&rsquo;une telle divulgation est n\u00e9cessaire \u00e0 la protection de nos droits ou \u00e0 l&rsquo;observation d&rsquo;une d\u00e9cision judiciaire, d&rsquo;une ordonnance d&rsquo;un tribunal ou d&rsquo;une proc\u00e9dure judiciaire dont notre site Web est l&rsquo;objet.<\/p>\n<h2>Questions au sujet de la pr\u00e9sente d\u00e9claration<\/h2>\n<p>Nous respecterons toujours vos pr\u00e9f\u00e9rences quant \u00e0 la protection de vos renseignements personnels.<\/p>\n<p>Si vous avez des questions au sujet de la D\u00e9claration au sujet de la protection des renseignements personnels sur le site Web themedicalxchange.com, n&rsquo;h\u00e9sitez pas \u00e0 \u00e9crire \u00e0 l&rsquo;adresse <a href=\"#\" data-local=\"contactUs\" data-dom=\"theMedicalXchange.com\">info@xfacto.ca<\/a><\/p>\n","protected":false},"excerpt":{"rendered":"<p>Communications Xfacto reconna\u00eet qu&rsquo;il importe de prot\u00e9ger la confidentialit\u00e9 des renseignements personnels. Veuillez lire attentivement la pr\u00e9sente D\u00e9claration au sujet de la protection des renseignements&hellip; <i class=\"zmdi zmdi-eye\"><\/i><\/p>\n","protected":false},"author":1,"featured_media":0,"parent":0,"menu_order":0,"comment_status":"closed","ping_status":"closed","template":"","meta":{"_acf_changed":false,"footnotes":""},"class_list":["post-4434","page","type-page","status-publish","hentry"],"acf":[],"yoast_head":"<!-- This site is optimized with the Yoast SEO plugin v27.4 - https:\/\/yoast.com\/product\/yoast-seo-wordpress\/ -->\n<title>The Medical Xchange - Extending Medical Education With Current Technology<\/title>\n<meta name=\"description\" content=\"Independent third-party provider of medical education programs: eLearning, meeting reports, slide kits, video extracts, opinion papers, and expert reviews.\" \/>\n<meta name=\"robots\" content=\"index, follow, max-snippet:-1, max-image-preview:large, max-video-preview:-1\" \/>\n<link rel=\"canonical\" href=\"https:\/\/themedicalxchange.com\/fr\/confidentialite\/\" \/>\n<meta property=\"og:locale\" content=\"fr_FR\" \/>\n<meta property=\"og:type\" content=\"article\" \/>\n<meta property=\"og:title\" content=\"The Medical Xchange - Extending Medical Education With Current Technology\" \/>\n<meta property=\"og:description\" content=\"Independent third-party provider of medical education programs: eLearning, meeting reports, slide kits, video extracts, opinion papers, and expert reviews.\" \/>\n<meta property=\"og:url\" content=\"https:\/\/themedicalxchange.com\/fr\/confidentialite\/\" \/>\n<meta property=\"og:site_name\" content=\"The Medical Xchange\" \/>\n<meta property=\"article:modified_time\" content=\"2017-04-25T14:45:24+00:00\" \/>\n<meta name=\"twitter:card\" content=\"summary_large_image\" \/>\n<meta name=\"twitter:label1\" content=\"Dur\u00e9e de lecture estim\u00e9e\" \/>\n\t<meta name=\"twitter:data1\" content=\"3 minutes\" \/>\n<script type=\"application\/ld+json\" class=\"yoast-schema-graph\">{\"@context\":\"https:\\\/\\\/schema.org\",\"@graph\":[{\"@type\":\"WebPage\",\"@id\":\"https:\\\/\\\/themedicalxchange.com\\\/fr\\\/confidentialite\\\/\",\"url\":\"https:\\\/\\\/themedicalxchange.com\\\/fr\\\/confidentialite\\\/\",\"name\":\"The Medical Xchange - Extending Medical Education With Current Technology\",\"isPartOf\":{\"@id\":\"https:\\\/\\\/themedicalxchange.com\\\/en\\\/#website\"},\"datePublished\":\"2017-03-21T17:35:24+00:00\",\"dateModified\":\"2017-04-25T14:45:24+00:00\",\"description\":\"Independent third-party provider of medical education programs: eLearning, meeting reports, slide kits, video extracts, opinion papers, and expert reviews.\",\"breadcrumb\":{\"@id\":\"https:\\\/\\\/themedicalxchange.com\\\/fr\\\/confidentialite\\\/#breadcrumb\"},\"inLanguage\":\"fr-FR\",\"potentialAction\":[{\"@type\":\"ReadAction\",\"target\":[\"https:\\\/\\\/themedicalxchange.com\\\/fr\\\/confidentialite\\\/\"]}]},{\"@type\":\"BreadcrumbList\",\"@id\":\"https:\\\/\\\/themedicalxchange.com\\\/fr\\\/confidentialite\\\/#breadcrumb\",\"itemListElement\":[{\"@type\":\"ListItem\",\"position\":1,\"name\":\"Home\",\"item\":\"https:\\\/\\\/themedicalxchange.com\\\/en\\\/\"},{\"@type\":\"ListItem\",\"position\":2,\"name\":\"D\u00e9claration au sujet de la protection des renseignements personnels\"}]},{\"@type\":\"WebSite\",\"@id\":\"https:\\\/\\\/themedicalxchange.com\\\/en\\\/#website\",\"url\":\"https:\\\/\\\/themedicalxchange.com\\\/en\\\/\",\"name\":\"The Medical Xchange\",\"description\":\"\",\"potentialAction\":[{\"@type\":\"SearchAction\",\"target\":{\"@type\":\"EntryPoint\",\"urlTemplate\":\"https:\\\/\\\/themedicalxchange.com\\\/en\\\/?s={search_term_string}\"},\"query-input\":{\"@type\":\"PropertyValueSpecification\",\"valueRequired\":true,\"valueName\":\"search_term_string\"}}],\"inLanguage\":\"fr-FR\"}]}<\/script>\n<!-- \/ Yoast SEO plugin. -->","yoast_head_json":{"title":"The Medical Xchange - Extending Medical Education With Current Technology","description":"Independent third-party provider of medical education programs: eLearning, meeting reports, slide kits, video extracts, opinion papers, and expert reviews.","robots":{"index":"index","follow":"follow","max-snippet":"max-snippet:-1","max-image-preview":"max-image-preview:large","max-video-preview":"max-video-preview:-1"},"canonical":"https:\/\/themedicalxchange.com\/fr\/confidentialite\/","og_locale":"fr_FR","og_type":"article","og_title":"The Medical Xchange - Extending Medical Education With Current Technology","og_description":"Independent third-party provider of medical education programs: eLearning, meeting reports, slide kits, video extracts, opinion papers, and expert reviews.","og_url":"https:\/\/themedicalxchange.com\/fr\/confidentialite\/","og_site_name":"The Medical Xchange","article_modified_time":"2017-04-25T14:45:24+00:00","twitter_card":"summary_large_image","twitter_misc":{"Dur\u00e9e de lecture estim\u00e9e":"3 minutes"},"schema":{"@context":"https:\/\/schema.org","@graph":[{"@type":"WebPage","@id":"https:\/\/themedicalxchange.com\/fr\/confidentialite\/","url":"https:\/\/themedicalxchange.com\/fr\/confidentialite\/","name":"The Medical Xchange - Extending Medical Education With Current Technology","isPartOf":{"@id":"https:\/\/themedicalxchange.com\/en\/#website"},"datePublished":"2017-03-21T17:35:24+00:00","dateModified":"2017-04-25T14:45:24+00:00","description":"Independent third-party provider of medical education programs: eLearning, meeting reports, slide kits, video extracts, opinion papers, and expert reviews.","breadcrumb":{"@id":"https:\/\/themedicalxchange.com\/fr\/confidentialite\/#breadcrumb"},"inLanguage":"fr-FR","potentialAction":[{"@type":"ReadAction","target":["https:\/\/themedicalxchange.com\/fr\/confidentialite\/"]}]},{"@type":"BreadcrumbList","@id":"https:\/\/themedicalxchange.com\/fr\/confidentialite\/#breadcrumb","itemListElement":[{"@type":"ListItem","position":1,"name":"Home","item":"https:\/\/themedicalxchange.com\/en\/"},{"@type":"ListItem","position":2,"name":"D\u00e9claration au sujet de la protection des renseignements personnels"}]},{"@type":"WebSite","@id":"https:\/\/themedicalxchange.com\/en\/#website","url":"https:\/\/themedicalxchange.com\/en\/","name":"The Medical Xchange","description":"","potentialAction":[{"@type":"SearchAction","target":{"@type":"EntryPoint","urlTemplate":"https:\/\/themedicalxchange.com\/en\/?s={search_term_string}"},"query-input":{"@type":"PropertyValueSpecification","valueRequired":true,"valueName":"search_term_string"}}],"inLanguage":"fr-FR"}]}},"_links":{"self":[{"href":"https:\/\/themedicalxchange.com\/fr\/wp-json\/wp\/v2\/pages\/4434","targetHints":{"allow":["GET"]}}],"collection":[{"href":"https:\/\/themedicalxchange.com\/fr\/wp-json\/wp\/v2\/pages"}],"about":[{"href":"https:\/\/themedicalxchange.com\/fr\/wp-json\/wp\/v2\/types\/page"}],"author":[{"embeddable":true,"href":"https:\/\/themedicalxchange.com\/fr\/wp-json\/wp\/v2\/users\/1"}],"replies":[{"embeddable":true,"href":"https:\/\/themedicalxchange.com\/fr\/wp-json\/wp\/v2\/comments?post=4434"}],"version-history":[{"count":0,"href":"https:\/\/themedicalxchange.com\/fr\/wp-json\/wp\/v2\/pages\/4434\/revisions"}],"wp:attachment":[{"href":"https:\/\/themedicalxchange.com\/fr\/wp-json\/wp\/v2\/media?parent=4434"}],"curies":[{"name":"wp","href":"https:\/\/api.w.org\/{rel}","templated":true}]}}