{"id":4440,"date":"2017-03-21T13:39:21","date_gmt":"2017-03-21T17:39:21","guid":{"rendered":"https:\/\/themedicalxchange.com\/?page_id=4440\/"},"modified":"2017-04-25T10:47:43","modified_gmt":"2017-04-25T14:47:43","slug":"a-propos","status":"publish","type":"page","link":"https:\/\/themedicalxchange.com\/fr\/a-propos\/","title":{"rendered":"\u00c0 propos de nous"},"content":{"rendered":"<p><b>Le site Web TheMedicalXChange.com<\/b> offre des activit\u00e9s de formation m\u00e9dicale continue aux professionnels de la sant\u00e9. Ils y trouveront, entre autres, des programmes de FMC, des articles publi\u00e9s dans des revues m\u00e9dicales \u00e9valu\u00e9es par des comit\u00e9s de lecture ainsi que des actualit\u00e9s m\u00e9dicales issues de conf\u00e9rences donn\u00e9es dans le cadre de congr\u00e8s scientifiques agr\u00e9\u00e9s tenus partout dans le monde.<\/p>\n<p>TheMedicalXChange.com est administr\u00e9 par <b>Communications Xfacto inc.<\/b>, qui est enti\u00e8rement responsable du choix des th\u00e8mes abord\u00e9s dans les publications, de la pr\u00e9paration du contenu r\u00e9dactionnel et de la diffusion de tous les documents publi\u00e9s.<\/p>\n<p>La pr\u00e9paration du contenu r\u00e9dactionnel et des programmes de FMC en ligne par The Medical XChange<sup>MD<\/sup>\u00a0est rendue possible gr\u00e2ce \u00e0 des subventions \u00e0 la formation octroy\u00e9es en vertu d&rsquo;ententes \u00e9crites qui stipulent clairement et confirment l&rsquo;ind\u00e9pendance \u00e9ditoriale de The Medical XChange<sup>MD<\/sup>. Il se peut que nos rapports et nos programmes de FMC en ligne fassent r\u00e9f\u00e9rence \u00e0 des produits ou \u00e0 des indications non homologu\u00e9s dans certaines provinces.<\/p>\n<p>La mati\u00e8re trait\u00e9e n&rsquo;est fournie qu&rsquo;\u00e0 des fins didactiques et ne doit pas \u00eatre vue comme un appui \u00e0 quelque produit, utilisation ou sch\u00e9ma posologique que ce soit. Avant de prescrire un m\u00e9dicament, les m\u00e9decins sont tenus de consulter la monographie de ce produit. Nous d\u00e9clinons toute responsabilit\u00e9 quant aux erreurs et omissions qui pourraient \u00eatre constat\u00e9es dans les rapports.<\/p>\n","protected":false},"excerpt":{"rendered":"<p>Le site Web TheMedicalXChange.com offre des activit\u00e9s de formation m\u00e9dicale continue aux professionnels de la sant\u00e9. Ils y trouveront, entre autres, des programmes de FMC,&hellip; <i class=\"zmdi zmdi-eye\"><\/i><\/p>\n","protected":false},"author":1,"featured_media":0,"parent":0,"menu_order":0,"comment_status":"closed","ping_status":"closed","template":"","meta":{"_acf_changed":false,"footnotes":""},"class_list":["post-4440","page","type-page","status-publish","hentry"],"acf":[],"yoast_head":"<!-- This site is optimized with the Yoast SEO plugin v27.4 - https:\/\/yoast.com\/product\/yoast-seo-wordpress\/ -->\n<title>The Medical Xchange - Extending Medical Education With Current Technology<\/title>\n<meta name=\"description\" content=\"Independent third-party provider of medical education programs: eLearning, meeting reports, slide kits, video extracts, opinion papers, and expert reviews.\" \/>\n<meta name=\"robots\" content=\"index, follow, max-snippet:-1, max-image-preview:large, max-video-preview:-1\" \/>\n<link rel=\"canonical\" href=\"https:\/\/themedicalxchange.com\/fr\/a-propos\/\" \/>\n<meta property=\"og:locale\" content=\"fr_FR\" \/>\n<meta property=\"og:type\" content=\"article\" \/>\n<meta property=\"og:title\" content=\"The Medical Xchange - Extending Medical Education With Current Technology\" \/>\n<meta property=\"og:description\" content=\"Independent third-party provider of medical education programs: eLearning, meeting reports, slide kits, video extracts, opinion papers, and expert reviews.\" \/>\n<meta property=\"og:url\" content=\"https:\/\/themedicalxchange.com\/fr\/a-propos\/\" \/>\n<meta property=\"og:site_name\" content=\"The Medical Xchange\" \/>\n<meta property=\"article:modified_time\" content=\"2017-04-25T14:47:43+00:00\" \/>\n<meta name=\"twitter:card\" content=\"summary_large_image\" \/>\n<meta name=\"twitter:label1\" content=\"Dur\u00e9e de lecture estim\u00e9e\" \/>\n\t<meta name=\"twitter:data1\" content=\"1 minute\" \/>\n<script type=\"application\/ld+json\" class=\"yoast-schema-graph\">{\"@context\":\"https:\\\/\\\/schema.org\",\"@graph\":[{\"@type\":\"WebPage\",\"@id\":\"https:\\\/\\\/themedicalxchange.com\\\/fr\\\/a-propos\\\/\",\"url\":\"https:\\\/\\\/themedicalxchange.com\\\/fr\\\/a-propos\\\/\",\"name\":\"The Medical Xchange - Extending Medical Education With Current Technology\",\"isPartOf\":{\"@id\":\"https:\\\/\\\/themedicalxchange.com\\\/en\\\/#website\"},\"datePublished\":\"2017-03-21T17:39:21+00:00\",\"dateModified\":\"2017-04-25T14:47:43+00:00\",\"description\":\"Independent third-party provider of medical education programs: eLearning, meeting reports, slide kits, video extracts, opinion papers, and expert reviews.\",\"breadcrumb\":{\"@id\":\"https:\\\/\\\/themedicalxchange.com\\\/fr\\\/a-propos\\\/#breadcrumb\"},\"inLanguage\":\"fr-FR\",\"potentialAction\":[{\"@type\":\"ReadAction\",\"target\":[\"https:\\\/\\\/themedicalxchange.com\\\/fr\\\/a-propos\\\/\"]}]},{\"@type\":\"BreadcrumbList\",\"@id\":\"https:\\\/\\\/themedicalxchange.com\\\/fr\\\/a-propos\\\/#breadcrumb\",\"itemListElement\":[{\"@type\":\"ListItem\",\"position\":1,\"name\":\"Home\",\"item\":\"https:\\\/\\\/themedicalxchange.com\\\/en\\\/\"},{\"@type\":\"ListItem\",\"position\":2,\"name\":\"\u00c0 propos de nous\"}]},{\"@type\":\"WebSite\",\"@id\":\"https:\\\/\\\/themedicalxchange.com\\\/en\\\/#website\",\"url\":\"https:\\\/\\\/themedicalxchange.com\\\/en\\\/\",\"name\":\"The Medical Xchange\",\"description\":\"\",\"potentialAction\":[{\"@type\":\"SearchAction\",\"target\":{\"@type\":\"EntryPoint\",\"urlTemplate\":\"https:\\\/\\\/themedicalxchange.com\\\/en\\\/?s={search_term_string}\"},\"query-input\":{\"@type\":\"PropertyValueSpecification\",\"valueRequired\":true,\"valueName\":\"search_term_string\"}}],\"inLanguage\":\"fr-FR\"}]}<\/script>\n<!-- \/ Yoast SEO plugin. -->","yoast_head_json":{"title":"The Medical Xchange - Extending Medical Education With Current Technology","description":"Independent third-party provider of medical education programs: eLearning, meeting reports, slide kits, video extracts, opinion papers, and expert reviews.","robots":{"index":"index","follow":"follow","max-snippet":"max-snippet:-1","max-image-preview":"max-image-preview:large","max-video-preview":"max-video-preview:-1"},"canonical":"https:\/\/themedicalxchange.com\/fr\/a-propos\/","og_locale":"fr_FR","og_type":"article","og_title":"The Medical Xchange - Extending Medical Education With Current Technology","og_description":"Independent third-party provider of medical education programs: eLearning, meeting reports, slide kits, video extracts, opinion papers, and expert reviews.","og_url":"https:\/\/themedicalxchange.com\/fr\/a-propos\/","og_site_name":"The Medical Xchange","article_modified_time":"2017-04-25T14:47:43+00:00","twitter_card":"summary_large_image","twitter_misc":{"Dur\u00e9e de lecture estim\u00e9e":"1 minute"},"schema":{"@context":"https:\/\/schema.org","@graph":[{"@type":"WebPage","@id":"https:\/\/themedicalxchange.com\/fr\/a-propos\/","url":"https:\/\/themedicalxchange.com\/fr\/a-propos\/","name":"The Medical Xchange - Extending Medical Education With Current Technology","isPartOf":{"@id":"https:\/\/themedicalxchange.com\/en\/#website"},"datePublished":"2017-03-21T17:39:21+00:00","dateModified":"2017-04-25T14:47:43+00:00","description":"Independent third-party provider of medical education programs: eLearning, meeting reports, slide kits, video extracts, opinion papers, and expert reviews.","breadcrumb":{"@id":"https:\/\/themedicalxchange.com\/fr\/a-propos\/#breadcrumb"},"inLanguage":"fr-FR","potentialAction":[{"@type":"ReadAction","target":["https:\/\/themedicalxchange.com\/fr\/a-propos\/"]}]},{"@type":"BreadcrumbList","@id":"https:\/\/themedicalxchange.com\/fr\/a-propos\/#breadcrumb","itemListElement":[{"@type":"ListItem","position":1,"name":"Home","item":"https:\/\/themedicalxchange.com\/en\/"},{"@type":"ListItem","position":2,"name":"\u00c0 propos de nous"}]},{"@type":"WebSite","@id":"https:\/\/themedicalxchange.com\/en\/#website","url":"https:\/\/themedicalxchange.com\/en\/","name":"The Medical Xchange","description":"","potentialAction":[{"@type":"SearchAction","target":{"@type":"EntryPoint","urlTemplate":"https:\/\/themedicalxchange.com\/en\/?s={search_term_string}"},"query-input":{"@type":"PropertyValueSpecification","valueRequired":true,"valueName":"search_term_string"}}],"inLanguage":"fr-FR"}]}},"_links":{"self":[{"href":"https:\/\/themedicalxchange.com\/fr\/wp-json\/wp\/v2\/pages\/4440","targetHints":{"allow":["GET"]}}],"collection":[{"href":"https:\/\/themedicalxchange.com\/fr\/wp-json\/wp\/v2\/pages"}],"about":[{"href":"https:\/\/themedicalxchange.com\/fr\/wp-json\/wp\/v2\/types\/page"}],"author":[{"embeddable":true,"href":"https:\/\/themedicalxchange.com\/fr\/wp-json\/wp\/v2\/users\/1"}],"replies":[{"embeddable":true,"href":"https:\/\/themedicalxchange.com\/fr\/wp-json\/wp\/v2\/comments?post=4440"}],"version-history":[{"count":0,"href":"https:\/\/themedicalxchange.com\/fr\/wp-json\/wp\/v2\/pages\/4440\/revisions"}],"wp:attachment":[{"href":"https:\/\/themedicalxchange.com\/fr\/wp-json\/wp\/v2\/media?parent=4440"}],"curies":[{"name":"wp","href":"https:\/\/api.w.org\/{rel}","templated":true}]}}