{"id":6301,"date":"2017-05-01T14:44:50","date_gmt":"2017-05-01T18:44:50","guid":{"rendered":"https:\/\/themedicalxchange.com\/?page_id=6301\/"},"modified":"2017-05-01T14:44:50","modified_gmt":"2017-05-01T18:44:50","slug":"le-site-web-the-medical-xchange-est-reserve-aux-professionnels-de-la-sante-canadiens","status":"publish","type":"page","link":"https:\/\/themedicalxchange.com\/fr\/le-site-web-the-medical-xchange-est-reserve-aux-professionnels-de-la-sante-canadiens\/","title":{"rendered":"Le site Web The Medical Xchange est r\u00e9serv\u00e9 aux professionnels de la sant\u00e9 canadiens."},"content":{"rendered":"<p>Veuillez noter que nous ne saurions vous offrir des r\u00e9ponses \u00e0 vos questions m\u00e9dicales d\u2019ordre personnel, ni vous fournir d\u2019autres renseignements hormis ceux qui apparaissent sur notre site Web ou dans notre documentation imprim\u00e9e. Si vous d\u00e9sirez obtenir des conseils m\u00e9dicaux particuliers et personnalis\u00e9s, nous vous sugg\u00e9rons de consulter votre m\u00e9decin.<\/p>\n","protected":false},"excerpt":{"rendered":"<p>Veuillez noter que nous ne saurions vous offrir des r\u00e9ponses \u00e0 vos questions m\u00e9dicales d\u2019ordre personnel, ni vous fournir d\u2019autres renseignements hormis ceux qui apparaissent&hellip; <i class=\"zmdi zmdi-eye\"><\/i><\/p>\n","protected":false},"author":1,"featured_media":0,"parent":0,"menu_order":0,"comment_status":"closed","ping_status":"closed","template":"","meta":{"_acf_changed":false,"footnotes":""},"class_list":["post-6301","page","type-page","status-publish","hentry"],"acf":[],"yoast_head":"<!-- This site is optimized with the Yoast SEO plugin v27.4 - https:\/\/yoast.com\/product\/yoast-seo-wordpress\/ -->\n<title>The Medical Xchange - Extending Medical Education With Current Technology<\/title>\n<meta name=\"description\" content=\"Independent third-party provider of medical education programs: eLearning, meeting reports, slide kits, video extracts, opinion papers, and expert reviews.\" \/>\n<meta name=\"robots\" content=\"index, follow, max-snippet:-1, max-image-preview:large, max-video-preview:-1\" \/>\n<link rel=\"canonical\" href=\"https:\/\/themedicalxchange.com\/fr\/le-site-web-the-medical-xchange-est-reserve-aux-professionnels-de-la-sante-canadiens\/\" \/>\n<meta property=\"og:locale\" content=\"fr_FR\" \/>\n<meta property=\"og:type\" content=\"article\" \/>\n<meta property=\"og:title\" content=\"The Medical Xchange - Extending Medical Education With Current Technology\" \/>\n<meta property=\"og:description\" content=\"Independent third-party provider of medical education programs: eLearning, meeting reports, slide kits, video extracts, opinion papers, and expert reviews.\" \/>\n<meta property=\"og:url\" content=\"https:\/\/themedicalxchange.com\/fr\/le-site-web-the-medical-xchange-est-reserve-aux-professionnels-de-la-sante-canadiens\/\" \/>\n<meta property=\"og:site_name\" content=\"The Medical Xchange\" \/>\n<meta name=\"twitter:card\" content=\"summary_large_image\" \/>\n<script type=\"application\/ld+json\" class=\"yoast-schema-graph\">{\"@context\":\"https:\\\/\\\/schema.org\",\"@graph\":[{\"@type\":\"WebPage\",\"@id\":\"https:\\\/\\\/themedicalxchange.com\\\/fr\\\/le-site-web-the-medical-xchange-est-reserve-aux-professionnels-de-la-sante-canadiens\\\/\",\"url\":\"https:\\\/\\\/themedicalxchange.com\\\/fr\\\/le-site-web-the-medical-xchange-est-reserve-aux-professionnels-de-la-sante-canadiens\\\/\",\"name\":\"The Medical Xchange - Extending Medical Education With Current Technology\",\"isPartOf\":{\"@id\":\"https:\\\/\\\/themedicalxchange.com\\\/en\\\/#website\"},\"datePublished\":\"2017-05-01T18:44:50+00:00\",\"description\":\"Independent third-party provider of medical education programs: eLearning, meeting reports, slide kits, video extracts, opinion papers, and expert reviews.\",\"breadcrumb\":{\"@id\":\"https:\\\/\\\/themedicalxchange.com\\\/fr\\\/le-site-web-the-medical-xchange-est-reserve-aux-professionnels-de-la-sante-canadiens\\\/#breadcrumb\"},\"inLanguage\":\"fr-FR\",\"potentialAction\":[{\"@type\":\"ReadAction\",\"target\":[\"https:\\\/\\\/themedicalxchange.com\\\/fr\\\/le-site-web-the-medical-xchange-est-reserve-aux-professionnels-de-la-sante-canadiens\\\/\"]}]},{\"@type\":\"BreadcrumbList\",\"@id\":\"https:\\\/\\\/themedicalxchange.com\\\/fr\\\/le-site-web-the-medical-xchange-est-reserve-aux-professionnels-de-la-sante-canadiens\\\/#breadcrumb\",\"itemListElement\":[{\"@type\":\"ListItem\",\"position\":1,\"name\":\"Home\",\"item\":\"https:\\\/\\\/themedicalxchange.com\\\/en\\\/\"},{\"@type\":\"ListItem\",\"position\":2,\"name\":\"Le site Web The Medical Xchange est r\u00e9serv\u00e9 aux professionnels de la sant\u00e9 canadiens.\"}]},{\"@type\":\"WebSite\",\"@id\":\"https:\\\/\\\/themedicalxchange.com\\\/en\\\/#website\",\"url\":\"https:\\\/\\\/themedicalxchange.com\\\/en\\\/\",\"name\":\"The Medical Xchange\",\"description\":\"\",\"potentialAction\":[{\"@type\":\"SearchAction\",\"target\":{\"@type\":\"EntryPoint\",\"urlTemplate\":\"https:\\\/\\\/themedicalxchange.com\\\/en\\\/?s={search_term_string}\"},\"query-input\":{\"@type\":\"PropertyValueSpecification\",\"valueRequired\":true,\"valueName\":\"search_term_string\"}}],\"inLanguage\":\"fr-FR\"}]}<\/script>\n<!-- \/ Yoast SEO plugin. -->","yoast_head_json":{"title":"The Medical Xchange - Extending Medical Education With Current Technology","description":"Independent third-party provider of medical education programs: eLearning, meeting reports, slide kits, video extracts, opinion papers, and expert reviews.","robots":{"index":"index","follow":"follow","max-snippet":"max-snippet:-1","max-image-preview":"max-image-preview:large","max-video-preview":"max-video-preview:-1"},"canonical":"https:\/\/themedicalxchange.com\/fr\/le-site-web-the-medical-xchange-est-reserve-aux-professionnels-de-la-sante-canadiens\/","og_locale":"fr_FR","og_type":"article","og_title":"The Medical Xchange - Extending Medical Education With Current Technology","og_description":"Independent third-party provider of medical education programs: eLearning, meeting reports, slide kits, video extracts, opinion papers, and expert reviews.","og_url":"https:\/\/themedicalxchange.com\/fr\/le-site-web-the-medical-xchange-est-reserve-aux-professionnels-de-la-sante-canadiens\/","og_site_name":"The Medical Xchange","twitter_card":"summary_large_image","schema":{"@context":"https:\/\/schema.org","@graph":[{"@type":"WebPage","@id":"https:\/\/themedicalxchange.com\/fr\/le-site-web-the-medical-xchange-est-reserve-aux-professionnels-de-la-sante-canadiens\/","url":"https:\/\/themedicalxchange.com\/fr\/le-site-web-the-medical-xchange-est-reserve-aux-professionnels-de-la-sante-canadiens\/","name":"The Medical Xchange - Extending Medical Education With Current Technology","isPartOf":{"@id":"https:\/\/themedicalxchange.com\/en\/#website"},"datePublished":"2017-05-01T18:44:50+00:00","description":"Independent third-party provider of medical education programs: eLearning, meeting reports, slide kits, video extracts, opinion papers, and expert reviews.","breadcrumb":{"@id":"https:\/\/themedicalxchange.com\/fr\/le-site-web-the-medical-xchange-est-reserve-aux-professionnels-de-la-sante-canadiens\/#breadcrumb"},"inLanguage":"fr-FR","potentialAction":[{"@type":"ReadAction","target":["https:\/\/themedicalxchange.com\/fr\/le-site-web-the-medical-xchange-est-reserve-aux-professionnels-de-la-sante-canadiens\/"]}]},{"@type":"BreadcrumbList","@id":"https:\/\/themedicalxchange.com\/fr\/le-site-web-the-medical-xchange-est-reserve-aux-professionnels-de-la-sante-canadiens\/#breadcrumb","itemListElement":[{"@type":"ListItem","position":1,"name":"Home","item":"https:\/\/themedicalxchange.com\/en\/"},{"@type":"ListItem","position":2,"name":"Le site Web The Medical Xchange est r\u00e9serv\u00e9 aux professionnels de la sant\u00e9 canadiens."}]},{"@type":"WebSite","@id":"https:\/\/themedicalxchange.com\/en\/#website","url":"https:\/\/themedicalxchange.com\/en\/","name":"The Medical Xchange","description":"","potentialAction":[{"@type":"SearchAction","target":{"@type":"EntryPoint","urlTemplate":"https:\/\/themedicalxchange.com\/en\/?s={search_term_string}"},"query-input":{"@type":"PropertyValueSpecification","valueRequired":true,"valueName":"search_term_string"}}],"inLanguage":"fr-FR"}]}},"_links":{"self":[{"href":"https:\/\/themedicalxchange.com\/fr\/wp-json\/wp\/v2\/pages\/6301","targetHints":{"allow":["GET"]}}],"collection":[{"href":"https:\/\/themedicalxchange.com\/fr\/wp-json\/wp\/v2\/pages"}],"about":[{"href":"https:\/\/themedicalxchange.com\/fr\/wp-json\/wp\/v2\/types\/page"}],"author":[{"embeddable":true,"href":"https:\/\/themedicalxchange.com\/fr\/wp-json\/wp\/v2\/users\/1"}],"replies":[{"embeddable":true,"href":"https:\/\/themedicalxchange.com\/fr\/wp-json\/wp\/v2\/comments?post=6301"}],"version-history":[{"count":0,"href":"https:\/\/themedicalxchange.com\/fr\/wp-json\/wp\/v2\/pages\/6301\/revisions"}],"wp:attachment":[{"href":"https:\/\/themedicalxchange.com\/fr\/wp-json\/wp\/v2\/media?parent=6301"}],"curies":[{"name":"wp","href":"https:\/\/api.w.org\/{rel}","templated":true}]}}